{"id":6843,"date":"2025-09-11T03:01:45","date_gmt":"2025-09-11T03:01:45","guid":{"rendered":"https:\/\/quantilia.simplement.digital\/nous-contacter\/"},"modified":"2026-03-24T12:49:37","modified_gmt":"2026-03-24T12:49:37","slug":"nous-contacter","status":"publish","type":"page","link":"https:\/\/quantilia.simplement.digital\/fr\/nous-contacter\/","title":{"rendered":"Nous contacter"},"content":{"rendered":"\t\t<div data-elementor-type=\"wp-page\" data-elementor-id=\"6843\" class=\"elementor elementor-6843 elementor-34\" data-elementor-post-type=\"page\">\n\t\t\t\t<div class=\"elementor-element elementor-element-e858d6f blend-four e-flex e-con-boxed e-con e-parent\" data-id=\"e858d6f\" data-element_type=\"container\" data-e-type=\"container\" data-settings=\"{&quot;background_background&quot;:&quot;classic&quot;}\">\n\t\t\t\t\t<div class=\"e-con-inner\">\n\t\t<div class=\"elementor-element elementor-element-2edc1fe e-con-full e-flex e-con e-child\" data-id=\"2edc1fe\" data-element_type=\"container\" data-e-type=\"container\">\n\t\t\t\t<div class=\"elementor-element elementor-element-48074f1 elementor-widget elementor-widget-heading\" data-id=\"48074f1\" data-element_type=\"widget\" data-e-type=\"widget\" data-widget_type=\"heading.default\">\n\t\t\t\t\t<div class=\"elementor-heading-title elementor-size-default\">Nous contacter<\/div>\t\t\t\t<\/div>\n\t\t\t\t<div class=\"elementor-element elementor-element-8d401fd elementor-widget elementor-widget-heading\" data-id=\"8d401fd\" data-element_type=\"widget\" data-e-type=\"widget\" data-widget_type=\"heading.default\">\n\t\t\t\t\t<h1 class=\"elementor-heading-title elementor-size-default\">Restons <span style=\"color:#3D81E6\">connect\u00e9s<\/span><\/h1>\t\t\t\t<\/div>\n\t\t\t\t<div class=\"elementor-element elementor-element-cceb3a1 elementor-widget elementor-widget-text-editor\" data-id=\"cceb3a1\" data-element_type=\"widget\" data-e-type=\"widget\" data-widget_type=\"text-editor.default\">\n\t\t\t\t\t\t\t\t\t<p>D\u00e9couvrez Quantilia en action. Planifiez une d\u00e9monstration personnalis\u00e9e pour explorer comment notre plateforme peut am\u00e9liorer la transparence de vos donn\u00e9es, vos rapports et vos analyses de portefeuille. <\/p>\t\t\t\t\t\t\t\t<\/div>\n\t\t\t\t<\/div>\n\t\t<div class=\"elementor-element elementor-element-c141804 e-con-full e-flex e-con e-child\" data-id=\"c141804\" data-element_type=\"container\" data-e-type=\"container\">\n\t\t\t\t<div class=\"elementor-element elementor-element-1501b64 image-shape-six elementor-widget elementor-widget-image\" data-id=\"1501b64\" data-element_type=\"widget\" data-e-type=\"widget\" data-widget_type=\"image.default\">\n\t\t\t\t\t\t\t\t\t\t\t\t\t\t\t<img fetchpriority=\"high\" decoding=\"async\" width=\"2560\" height=\"1920\" src=\"https:\/\/quantilia.simplement.digital\/wp-content\/uploads\/2025\/10\/attachment-scaled.jpeg\" class=\"attachment-full size-full wp-image-6845\" alt=\"\" srcset=\"https:\/\/quantilia.simplement.digital\/wp-content\/uploads\/2025\/10\/attachment-scaled.jpeg 2560w, https:\/\/quantilia.simplement.digital\/wp-content\/uploads\/2025\/10\/attachment-300x225.jpeg 300w, https:\/\/quantilia.simplement.digital\/wp-content\/uploads\/2025\/10\/attachment-1024x768.jpeg 1024w, https:\/\/quantilia.simplement.digital\/wp-content\/uploads\/2025\/10\/attachment-768x576.jpeg 768w, https:\/\/quantilia.simplement.digital\/wp-content\/uploads\/2025\/10\/attachment-1536x1152.jpeg 1536w, https:\/\/quantilia.simplement.digital\/wp-content\/uploads\/2025\/10\/attachment-2048x1536.jpeg 2048w\" sizes=\"(max-width: 2560px) 100vw, 2560px\" \/>\t\t\t\t\t\t\t\t\t\t\t\t\t\t\t<\/div>\n\t\t\t\t<\/div>\n\t\t\t\t\t<\/div>\n\t\t\t\t<\/div>\n\t\t<div class=\"elementor-element elementor-element-6ba8a4f e-flex e-con-boxed e-con e-parent\" data-id=\"6ba8a4f\" data-element_type=\"container\" data-e-type=\"container\">\n\t\t\t\t\t<div class=\"e-con-inner\">\n\t\t\t\t<div class=\"elementor-element elementor-element-7455601 elementor-widget elementor-widget-heading\" data-id=\"7455601\" data-element_type=\"widget\" data-e-type=\"widget\" data-widget_type=\"heading.default\">\n\t\t\t\t\t<h2 class=\"elementor-heading-title elementor-size-default\">Explorez notre <span style=\"color:#00A6A4\">plateforme<\/span> <\/h2>\t\t\t\t<\/div>\n\t\t\t\t<div class=\"elementor-element elementor-element-289e23b elementor-widget elementor-widget-text-editor\" data-id=\"289e23b\" data-element_type=\"widget\" data-e-type=\"widget\" data-widget_type=\"text-editor.default\">\n\t\t\t\t\t\t\t\t\tNotre pr\u00e9sentation passera en revue toutes les fonctionnalit\u00e9s de la plateforme pour r\u00e9pondre \u00e0 vos besoins sp\u00e9cifiques.\t\t\t\t\t\t\t\t<\/div>\n\t\t<div class=\"elementor-element elementor-element-4cdd494 e-con-full e-flex e-con e-child\" data-id=\"4cdd494\" data-element_type=\"container\" data-e-type=\"container\" data-settings=\"{&quot;background_background&quot;:&quot;classic&quot;}\">\n\t\t<div class=\"elementor-element elementor-element-8971617 e-con-full e-flex e-con e-child\" data-id=\"8971617\" data-element_type=\"container\" data-e-type=\"container\">\n\t\t\t\t<div class=\"elementor-element elementor-element-f109462 elementor-widget elementor-widget-heading\" data-id=\"f109462\" data-element_type=\"widget\" data-e-type=\"widget\" data-widget_type=\"heading.default\">\n\t\t\t\t\t<h3 class=\"elementor-heading-title elementor-size-default\">Nous contacter<\/h3>\t\t\t\t<\/div>\n\t\t\t\t<div class=\"elementor-element elementor-element-5613609 elementor-widget elementor-widget-text-editor\" data-id=\"5613609\" data-element_type=\"widget\" data-e-type=\"widget\" data-widget_type=\"text-editor.default\">\n\t\t\t\t\t\t\t\t\t<p>Vous avez une question ou souhaitez en savoir plus sur nos solutions ? Contactez notre \u00e9quipe. Nous sommes l\u00e0 pour vous accompagner \u00e0 chaque \u00e9tape.  <\/p>\t\t\t\t\t\t\t\t<\/div>\n\t\t\t\t<div class=\"elementor-element elementor-element-ed8d066 elementor-position-inline-start dm-contact-info elementor-view-default elementor-mobile-position-block-start elementor-widget elementor-widget-icon-box\" data-id=\"ed8d066\" data-element_type=\"widget\" data-e-type=\"widget\" data-widget_type=\"icon-box.default\">\n\t\t\t\t\t\t\t<div class=\"elementor-icon-box-wrapper\">\n\n\t\t\t\t\t\t<div class=\"elementor-icon-box-icon\">\n\t\t\t\t<span  class=\"elementor-icon\">\n\t\t\t\t<svg xmlns=\"http:\/\/www.w3.org\/2000\/svg\" width=\"19\" height=\"19\" viewBox=\"0 0 19 19\" fill=\"none\"><path d=\"M6.60241 8.2758C7.57502 9.98448 8.99006 11.3995 10.6987 12.3721L11.615 11.0889C11.7624 10.8826 11.9803 10.7374 12.2274 10.6809C12.4746 10.6243 12.7339 10.6604 12.9563 10.7821C14.4223 11.5833 16.0412 12.0651 17.7067 12.1959C17.9666 12.2165 18.2092 12.3343 18.3862 12.5259C18.5631 12.7174 18.6613 12.9686 18.6613 13.2293V17.8543C18.6614 18.1109 18.5662 18.3585 18.3943 18.549C18.2223 18.7395 17.9858 18.8595 17.7305 18.8856C17.1812 18.9427 16.6277 18.9706 16.07 18.9706C7.19737 18.9706 0.00390625 11.7772 0.00390625 2.90454C0.00390625 2.34689 0.0318924 1.79339 0.0889011 1.24403C0.115078 0.988731 0.235035 0.752221 0.425553 0.580276C0.616072 0.40833 0.863604 0.313177 1.12024 0.313232H5.7452C6.00596 0.3132 6.25714 0.411445 6.44867 0.588378C6.64021 0.765312 6.75802 1.00793 6.77862 1.26787C6.90945 2.93335 7.39128 4.55228 8.19243 6.01825C8.31419 6.24065 8.35021 6.49997 8.29367 6.74713C8.23713 6.99429 8.09196 7.21216 7.88562 7.35951L6.60241 8.2758V8.2758ZM3.9883 7.5948L5.95769 6.18824C5.39878 4.98183 5.01586 3.70146 4.82063 2.38628H2.08732C2.0811 2.55834 2.07799 2.73144 2.07799 2.90454C2.07695 10.6329 8.34169 16.8976 16.07 16.8976C16.2431 16.8976 16.4162 16.8945 16.5883 16.8872V14.1539C15.2731 13.9587 13.9927 13.5758 12.7863 13.0169L11.3797 14.9862C10.8135 14.7662 10.2634 14.5064 9.73374 14.2089L9.67363 14.1746C7.64057 13.0176 5.95695 11.334 4.7999 9.30092L4.76569 9.2408C4.46811 8.71113 4.20834 8.1611 3.9883 7.5948V7.5948Z\" fill=\"#00A6A4\"><\/path><\/svg>\t\t\t\t<\/span>\n\t\t\t<\/div>\n\t\t\t\n\t\t\t\t\t\t<div class=\"elementor-icon-box-content\">\n\n\t\t\t\t\t\t\t\t\t<h3 class=\"elementor-icon-box-title\">\n\t\t\t\t\t\t<span  >\n\t\t\t\t\t\t\tNum\u00e9ro de t\u00e9l\u00e9phone\t\t\t\t\t\t<\/span>\n\t\t\t\t\t<\/h3>\n\t\t\t\t\n\t\t\t\t\t\t\t\t\t<p class=\"elementor-icon-box-description\">\n\t\t\t\t\t\t<a href=\"tel:0493535751\">+33 4 93 53 57 51\n<\/a>\n\t\t\t\t\t<\/p>\n\t\t\t\t\n\t\t\t<\/div>\n\t\t\t\n\t\t<\/div>\n\t\t\t\t\t\t<\/div>\n\t\t\t\t<div class=\"elementor-element elementor-element-e3a760a elementor-position-inline-start dm-contact-info elementor-view-default elementor-mobile-position-block-start elementor-widget elementor-widget-icon-box\" data-id=\"e3a760a\" data-element_type=\"widget\" data-e-type=\"widget\" data-widget_type=\"icon-box.default\">\n\t\t\t\t\t\t\t<div class=\"elementor-icon-box-wrapper\">\n\n\t\t\t\t\t\t<div class=\"elementor-icon-box-icon\">\n\t\t\t\t<span  class=\"elementor-icon\">\n\t\t\t\t<svg xmlns=\"http:\/\/www.w3.org\/2000\/svg\" width=\"24\" height=\"22\" viewBox=\"0 0 24 22\" fill=\"none\"><path d=\"M15.5818 2.90605C15.4428 3.59008 15.4428 4.29507 15.5818 4.9791H3.56951L11.3953 11.8844L16.6287 7.19933C17.0702 7.74558 17.6216 8.20061 18.2487 8.53126L11.4067 14.6581L3.03984 7.27603V19.4904H19.6242V9.02154C20.3082 9.1605 21.0132 9.1605 21.6973 9.02154V20.5269C21.6973 20.8018 21.588 21.0655 21.3937 21.2599C21.1993 21.4543 20.9356 21.5635 20.6607 21.5635H2.00332C1.72842 21.5635 1.46477 21.4543 1.27039 21.2599C1.076 21.0655 0.966797 20.8018 0.966797 20.5269V3.94258C0.966797 3.66767 1.076 3.40403 1.27039 3.20964C1.46477 3.01526 1.72842 2.90605 2.00332 2.90605H15.5818ZM20.6607 7.05214C20.2524 7.05214 19.848 6.97171 19.4707 6.81544C19.0935 6.65917 18.7507 6.43012 18.4619 6.14137C18.1732 5.85262 17.9441 5.50983 17.7879 5.13256C17.6316 4.75529 17.5512 4.35093 17.5512 3.94258C17.5512 3.53422 17.6316 3.12987 17.7879 2.7526C17.9441 2.37533 18.1732 2.03253 18.4619 1.74378C18.7507 1.45503 19.0935 1.22598 19.4707 1.06971C19.848 0.913439 20.2524 0.833008 20.6607 0.833008C21.4854 0.833008 22.2764 1.16062 22.8595 1.74378C23.4427 2.32694 23.7703 3.11787 23.7703 3.94258C23.7703 4.76728 23.4427 5.55822 22.8595 6.14137C22.2764 6.72453 21.4854 7.05214 20.6607 7.05214Z\" fill=\"#00A6A4\"><\/path><\/svg>\t\t\t\t<\/span>\n\t\t\t<\/div>\n\t\t\t\n\t\t\t\t\t\t<div class=\"elementor-icon-box-content\">\n\n\t\t\t\t\t\t\t\t\t<h3 class=\"elementor-icon-box-title\">\n\t\t\t\t\t\t<span  >\n\t\t\t\t\t\t\tAdresse e-mail\t\t\t\t\t\t<\/span>\n\t\t\t\t\t<\/h3>\n\t\t\t\t\n\t\t\t\t\t\t\t\t\t<p class=\"elementor-icon-box-description\">\n\t\t\t\t\t\t<a href=\"mailto:sales@quantilia.com\">sales@quantilia.com<\/a>\t\t\t\t\t<\/p>\n\t\t\t\t\n\t\t\t<\/div>\n\t\t\t\n\t\t<\/div>\n\t\t\t\t\t\t<\/div>\n\t\t\t\t<div class=\"elementor-element elementor-element-41cb490 elementor-position-inline-start dm-contact-info elementor-view-default elementor-mobile-position-block-start elementor-widget elementor-widget-icon-box\" data-id=\"41cb490\" data-element_type=\"widget\" data-e-type=\"widget\" data-widget_type=\"icon-box.default\">\n\t\t\t\t\t\t\t<div class=\"elementor-icon-box-wrapper\">\n\n\t\t\t\t\t\t<div class=\"elementor-icon-box-icon\">\n\t\t\t\t<span  class=\"elementor-icon\">\n\t\t\t\t<svg xmlns=\"http:\/\/www.w3.org\/2000\/svg\" width=\"17\" height=\"22\" viewBox=\"0 0 17 22\" fill=\"none\"><path d=\"M7.29667 16.5931C5.20571 16.327 3.29451 15.2748 1.95152 13.6502C0.608535 12.0256 -0.0654565 9.95058 0.0665354 7.84689C0.198527 5.7432 1.1266 3.76871 2.66212 2.32472C4.19764 0.880734 6.22537 0.0756132 8.3332 0.0730003C10.4436 0.0714288 12.4752 0.874583 14.014 2.31881C15.5529 3.76304 16.4831 5.73966 16.6153 7.84592C16.7474 9.95218 16.0715 12.0296 14.7253 13.6548C13.379 15.2801 11.4638 16.3309 9.36972 16.5931V18.7428C13.4598 18.8382 16.6254 19.4923 16.6254 20.2852C16.6254 21.1434 12.9126 21.84 8.3332 21.84C3.75384 21.84 0.0410156 21.1434 0.0410156 20.2852C0.0410156 19.4923 3.20656 18.8382 7.29667 18.7428V16.5931V16.5931ZM8.3332 14.5843C9.98261 14.5843 11.5645 13.9291 12.7308 12.7628C13.8971 11.5965 14.5523 10.0146 14.5523 8.36518C14.5523 6.71576 13.8971 5.1339 12.7308 3.96759C11.5645 2.80127 9.98261 2.14605 8.3332 2.14605C6.68378 2.14605 5.10192 2.80127 3.9356 3.96759C2.76929 5.1339 2.11406 6.71576 2.11406 8.36518C2.11406 10.0146 2.76929 11.5965 3.9356 12.7628C5.10192 13.9291 6.68378 14.5843 8.3332 14.5843V14.5843ZM8.3332 10.4382C7.78339 10.4382 7.2561 10.2198 6.86733 9.83104C6.47856 9.44227 6.26015 8.91499 6.26015 8.36518C6.26015 7.81538 6.47856 7.28809 6.86733 6.89932C7.2561 6.51055 7.78339 6.29214 8.3332 6.29214C8.883 6.29214 9.41029 6.51055 9.79906 6.89932C10.1878 7.28809 10.4062 7.81538 10.4062 8.36518C10.4062 8.91499 10.1878 9.44227 9.79906 9.83104C9.41029 10.2198 8.883 10.4382 8.3332 10.4382Z\" fill=\"#00A6A4\"><\/path><\/svg>\t\t\t\t<\/span>\n\t\t\t<\/div>\n\t\t\t\n\t\t\t\t\t\t<div class=\"elementor-icon-box-content\">\n\n\t\t\t\t\t\t\t\t\t<h3 class=\"elementor-icon-box-title\">\n\t\t\t\t\t\t<span  >\n\t\t\t\t\t\t\tAdresse\t\t\t\t\t\t<\/span>\n\t\t\t\t\t<\/h3>\n\t\t\t\t\n\t\t\t\t\t\t\t\t\t<p class=\"elementor-icon-box-description\">\n\t\t\t\t\t\tNice, France\t\t\t\t\t<\/p>\n\t\t\t\t\n\t\t\t<\/div>\n\t\t\t\n\t\t<\/div>\n\t\t\t\t\t\t<\/div>\n\t\t\t\t<div class=\"elementor-element elementor-element-9fe3989 elementor-widget elementor-widget-text-editor\" data-id=\"9fe3989\" data-element_type=\"widget\" data-e-type=\"widget\" data-widget_type=\"text-editor.default\">\n\t\t\t\t\t\t\t\t\tQuantilia utilisera vos informations personnelles uniquement pour la gestion de votre compte et la fourniture des produits et services demand\u00e9s. Toutes les informations resteront confidentielles. Si vous souhaitez recevoir les derni\u00e8res actualit\u00e9s et mises \u00e0 jour de produits de Quantilia, veuillez cocher la case ci-dessous. \t\t\t\t\t\t\t\t<\/div>\n\t\t\t\t<div class=\"elementor-element elementor-element-e4ce9de dm-terms-link elementor-widget elementor-widget-text-editor\" data-id=\"e4ce9de\" data-element_type=\"widget\" data-e-type=\"widget\" data-widget_type=\"text-editor.default\">\n\t\t\t\t\t\t\t\t\t<p>Vous pouvez vous d\u00e9sabonner de ces communications \u00e0 tout moment. Pour plus d&rsquo;informations, veuillez consulter notre fiche <a href=\"https:\/\/quantilia.simplement.digital\/fr\/conditions-generales-dutilisation\/\">Conditions g\u00e9n\u00e9rales<\/a>. <\/p>\t\t\t\t\t\t\t\t<\/div>\n\t\t\t\t<\/div>\n\t\t<div class=\"elementor-element elementor-element-df48165 e-con-full e-flex e-con e-child\" data-id=\"df48165\" data-element_type=\"container\" data-e-type=\"container\" data-settings=\"{&quot;background_background&quot;:&quot;classic&quot;}\">\n\t\t\t\t<div class=\"elementor-element elementor-element-871f117 elementor-widget elementor-widget-html\" data-id=\"871f117\" data-element_type=\"widget\" data-e-type=\"widget\" data-widget_type=\"html.default\">\n\t\t\t\t\t<script src=\"https:\/\/js-eu1.hsforms.net\/forms\/embed\/144019049.js\" defer><\/script>\n<div class=\"hs-form-frame\" data-region=\"eu1\" data-form-id=\"4f86b642-8ba8-4fe9-851f-82bfa717fb46\" data-portal-id=\"144019049\"><\/div>\t\t\t\t<\/div>\n\t\t\t\t<\/div>\n\t\t\t\t<\/div>\n\t\t\t\t\t<\/div>\n\t\t\t\t<\/div>\n\t\t\t\t<\/div>\n\t\t","protected":false},"excerpt":{"rendered":"<p>Nous contacter Restons connect\u00e9s D\u00e9couvrez Quantilia en action. Planifiez une d\u00e9monstration personnalis\u00e9e pour explorer comment notre plateforme peut am\u00e9liorer la transparence de vos donn\u00e9es, vos rapports et vos analyses de portefeuille. Explorez notre plateforme Notre pr\u00e9sentation passera en revue toutes les fonctionnalit\u00e9s de la plateforme pour r\u00e9pondre \u00e0 vos besoins sp\u00e9cifiques. Nous contacter Vous avez [&hellip;]<\/p>\n","protected":false},"author":2,"featured_media":0,"parent":0,"menu_order":0,"comment_status":"closed","ping_status":"closed","template":"","meta":{"_acf_changed":false,"footnotes":""},"class_list":["post-6843","page","type-page","status-publish","hentry"],"acf":[],"_links":{"self":[{"href":"https:\/\/quantilia.simplement.digital\/fr\/wp-json\/wp\/v2\/pages\/6843","targetHints":{"allow":["GET"]}}],"collection":[{"href":"https:\/\/quantilia.simplement.digital\/fr\/wp-json\/wp\/v2\/pages"}],"about":[{"href":"https:\/\/quantilia.simplement.digital\/fr\/wp-json\/wp\/v2\/types\/page"}],"author":[{"embeddable":true,"href":"https:\/\/quantilia.simplement.digital\/fr\/wp-json\/wp\/v2\/users\/2"}],"replies":[{"embeddable":true,"href":"https:\/\/quantilia.simplement.digital\/fr\/wp-json\/wp\/v2\/comments?post=6843"}],"version-history":[{"count":4,"href":"https:\/\/quantilia.simplement.digital\/fr\/wp-json\/wp\/v2\/pages\/6843\/revisions"}],"predecessor-version":[{"id":7599,"href":"https:\/\/quantilia.simplement.digital\/fr\/wp-json\/wp\/v2\/pages\/6843\/revisions\/7599"}],"wp:attachment":[{"href":"https:\/\/quantilia.simplement.digital\/fr\/wp-json\/wp\/v2\/media?parent=6843"}],"curies":[{"name":"wp","href":"https:\/\/api.w.org\/{rel}","templated":true}]}}