{"id":6676,"date":"2025-12-12T15:58:00","date_gmt":"2025-12-12T15:58:00","guid":{"rendered":"https:\/\/quantilia.simplement.digital\/conditions-generales-dutilisation\/"},"modified":"2026-02-19T15:12:05","modified_gmt":"2026-02-19T15:12:05","slug":"conditions-generales-dutilisation","status":"publish","type":"page","link":"https:\/\/quantilia.simplement.digital\/fr\/conditions-generales-dutilisation\/","title":{"rendered":"Conditions G\u00e9n\u00e9rales d&rsquo;Utilisation"},"content":{"rendered":"\t\t<div data-elementor-type=\"wp-page\" data-elementor-id=\"6676\" class=\"elementor elementor-6676 elementor-5067\" data-elementor-post-type=\"page\">\n\t\t\t\t<div class=\"elementor-element elementor-element-33c6fa7 e-flex e-con-boxed e-con e-parent\" data-id=\"33c6fa7\" data-element_type=\"container\" data-e-type=\"container\">\n\t\t\t\t\t<div class=\"e-con-inner\">\n\t\t\t\t<div class=\"elementor-element elementor-element-4ac6c72 elementor-widget elementor-widget-text-editor\" data-id=\"4ac6c72\" data-element_type=\"widget\" data-e-type=\"widget\" data-widget_type=\"text-editor.default\">\n\t\t\t\t\t\t\t\t\t<h1><b>Conditions G\u00e9n\u00e9rales d&rsquo;Utilisation <\/b><\/h1><p><b>Article 1 \u2013 Objet et Informations L\u00e9gales<\/b><\/p><p><span style=\"font-weight: 400;\">En utilisant le site web accessible \u00e0 <\/span><a href=\"https:\/\/quantilia.simplement.digital\/fr\/\"><span style=\"font-weight: 400;\">https:\/\/quantilia.simplement.digital\/<\/span><\/a><span style=\"font-weight: 400;\"> (le \u00ab Site \u00bb), vous acceptez de vous conformer aux pr\u00e9sentes Conditions G\u00e9n\u00e9rales d&rsquo;Utilisation (les \u00ab Conditions d&rsquo;Utilisation \u00bb).<\/span><\/p><p><span style=\"font-weight: 400;\">Les Conditions d&rsquo;Utilisation applicables sont celles en vigueur \u00e0 la date de navigation sur le Site. Elles restent applicables pendant toute la dur\u00e9e d&rsquo;utilisation du Site, jusqu&rsquo;\u00e0 leur modification ou leur remplacement par une nouvelle version. <\/span><\/p><p><span style=\"font-weight: 400;\">Le Site est \u00e9dit\u00e9 par <\/span><b>QUANTILIA<\/b><span style=\"font-weight: 400;\">, soci\u00e9t\u00e9 par actions simplifi\u00e9e de droit fran\u00e7ais, au capital social de 131\u202f200 EUR, dont le si\u00e8ge social est situ\u00e9 29, rue Pastorelli, 06000 Nice, France, immatricul\u00e9e au Registre du Commerce et des Soci\u00e9t\u00e9s sous le num\u00e9ro 830 520 201, et d\u00fbment repr\u00e9sent\u00e9e par son Pr\u00e9sident, Monsieur Florian Garivier.<\/span><\/p><p><b>Coordonn\u00e9es de l&rsquo;\u00c9diteur<\/b><\/p><p><span style=\"font-weight: 400;\">L&rsquo;\u00c9diteur peut \u00eatre contact\u00e9 comme suit :<\/span><\/p><p><b>Par adresse postale :<\/b><span style=\"font-weight: 400;\"><br><\/span><span style=\"font-weight: 400;\">QUANTILIA SAS<\/span><span style=\"font-weight: 400;\"><br><\/span><span style=\"font-weight: 400;\">29 rue Pastorelli<\/span><span style=\"font-weight: 400;\"><br><\/span><span style=\"font-weight: 400;\">06000 Nice<\/span><span style=\"font-weight: 400;\"><br><\/span><span style=\"font-weight: 400;\">France<\/span><\/p><p><b>Par e-mail :<\/b><span style=\"font-weight: 400;\"><br><\/span><a href=\"mailto:contact@quantilia.com\"><span style=\"font-weight: 400;\">contact@quantilia.com<\/span><\/a><\/p><p><span style=\"font-weight: 400;\">La Directrice de la Publication du Site est Madame Laurence Fauchon.<\/span><\/p><p><span style=\"font-weight: 400;\">Le Site est con\u00e7u, administr\u00e9 et maintenu par QUANTILIA SAS.<\/span><\/p><p><span style=\"font-weight: 400;\">Le Site est h\u00e9berg\u00e9 par <\/span><b>Amazon Web Services LLC<\/b><span style=\"font-weight: 400;\">, dont le si\u00e8ge social est situ\u00e9 \u00e0 Seattle, WA 98108-1226, \u00c9tats-Unis, et dont le site web est accessible \u00e0 l&rsquo;adresse <\/span><a href=\"https:\/\/aws.amazon.com\/fr\/\" target=\"_blank\" rel=\"noopener\"><span style=\"font-weight: 400;\">https:\/\/aws.amazon.com\/fr\/<\/span><\/a><span style=\"font-weight: 400;\">.<\/span><\/p><p><b>Article 2 \u2013 Acc\u00e8s au Site<\/b><\/p><p><span style=\"font-weight: 400;\">L&rsquo;acc\u00e8s au Site est r\u00e9serv\u00e9 aux personnes majeures. L&rsquo;\u00c9diteur se r\u00e9serve le droit de demander une preuve d&rsquo;\u00e2ge, notamment si vous utilisez des services d&rsquo;abonnement en ligne. <\/span><\/p><p><span style=\"font-weight: 400;\">L&rsquo;acc\u00e8s \u00e0 ce Site et son utilisation sont strictement r\u00e9serv\u00e9s \u00e0 un usage personnel. Vous vous engagez \u00e0 ne pas utiliser ce Site ou les informations ou donn\u00e9es qu&rsquo;il contient \u00e0 des fins commerciales, politiques, publicitaires ou de sollicitation de quelque nature que ce soit, et notamment pour l&rsquo;envoi de courriers \u00e9lectroniques non sollicit\u00e9s. <\/span><\/p><p><b>Article 3 \u2013 Contenu du Site<\/b><\/p><p><span style=\"font-weight: 400;\">Toutes les marques d\u00e9pos\u00e9es, photographies, textes, commentaires, illustrations, images anim\u00e9es ou non, s\u00e9quences vid\u00e9o, sons, ainsi que toutes les applications logicielles pouvant \u00eatre utilis\u00e9es pour faire fonctionner ce Site, et plus g\u00e9n\u00e9ralement tous les \u00e9l\u00e9ments reproduits ou utilis\u00e9s sur le Site, sont prot\u00e9g\u00e9s par les r\u00e9glementations en mati\u00e8re de propri\u00e9t\u00e9 intellectuelle.<\/span><\/p><p><span style=\"font-weight: 400;\">Ces \u00e9l\u00e9ments sont la propri\u00e9t\u00e9 exclusive de l&rsquo;\u00c9diteur ou de ses partenaires. Toute reproduction, repr\u00e9sentation, utilisation ou adaptation, sous quelque forme que ce soit, de tout ou partie de ces \u00e9l\u00e9ments, y compris les applications logicielles, sans l&rsquo;autorisation \u00e9crite pr\u00e9alable de l&rsquo;\u00c9diteur, est strictement interdite. Le fait que l&rsquo;\u00c9diteur n&rsquo;engage pas de poursuites judiciaires d\u00e8s la prise de connaissance d&rsquo;une utilisation non autoris\u00e9e ne constitue pas une acceptation de ladite utilisation ni une renonciation \u00e0 son droit d&rsquo;engager des poursuites judiciaires.  <\/span><\/p><p><span style=\"font-weight: 400;\">Les services peuvent inclure des faits, des points de vue, des opinions et des recommandations d&rsquo;individus et d&rsquo;organisations jug\u00e9s pertinents. La soci\u00e9t\u00e9 et ses conc\u00e9dants de licence ne garantissent pas l&rsquo;exactitude, l&rsquo;exhaustivit\u00e9 ou l&rsquo;actualit\u00e9 de ces faits, points de vue, opinions ou recommandations, et ne les approuvent en aucune mani\u00e8re. Ils ne fournissent pas de conseils fiscaux ou d&rsquo;investissement et ne recommandent pas l&rsquo;achat ou la vente de titres ou d&rsquo;investissements. Les opinions, conseils, d\u00e9clarations, services, offres ou autres informations ou contenus exprim\u00e9s ou mis \u00e0 disposition par des tiers, y compris, mais sans s&rsquo;y limiter, d&rsquo;autres utilisateurs du service ou des conc\u00e9dants de licence, sont ceux de leurs auteurs ou distributeurs respectifs et non ceux de la soci\u00e9t\u00e9.   <\/span><\/p><p><span style=\"font-weight: 400;\">La soci\u00e9t\u00e9 n&rsquo;approuve ni ne garantit l&rsquo;exactitude ou la fiabilit\u00e9 des opinions, conseils ou d\u00e9clarations faites sur un service par toute personne autre que ses porte-parole autoris\u00e9s agissant dans le cadre de leurs fonctions. En aucun cas, la soci\u00e9t\u00e9 ou ses conc\u00e9dants de licence ne seront responsables de toute perte ou dommage r\u00e9sultant de votre utilisation des informations obtenues via un service. Il est de votre responsabilit\u00e9 d&rsquo;\u00e9valuer l&rsquo;exactitude, l&rsquo;exhaustivit\u00e9 et l&rsquo;utilit\u00e9 des informations, opinions, conseils ou autres contenus disponibles via un service. Veuillez consulter des professionnels pour toute \u00e9valuation des informations, opinions, conseils ou autres contenus obtenus via un service.   <\/span><\/p><p><span style=\"font-weight: 400;\">L&rsquo;utilisation de sources tierces pour certains contenus de service, ainsi que les risques inh\u00e9rents \u00e0 la distribution \u00e9lectronique, peuvent entra\u00eener des retards, des omissions ou des inexactitudes dans le contenu pr\u00e9sent\u00e9 sur le service. Certaines donn\u00e9es de service peuvent \u00eatre retard\u00e9es, conform\u00e9ment aux sp\u00e9cifications des conc\u00e9dants de licence. La soci\u00e9t\u00e9 ne v\u00e9rifie aucune donn\u00e9e et d\u00e9cline toute obligation de le faire. La soci\u00e9t\u00e9, ses conc\u00e9dants de licence et leurs soci\u00e9t\u00e9s affili\u00e9es et partenaires commerciaux respectifs (i) d\u00e9clinent express\u00e9ment toute responsabilit\u00e9 quant \u00e0 l&rsquo;exactitude, la pertinence, l&rsquo;utilit\u00e9 ou l&rsquo;exhaustivit\u00e9 des donn\u00e9es et (ii) ne seront pas responsables des erreurs, omissions ou autres d\u00e9fauts, retards ou interruptions affectant ces donn\u00e9es, ni des actions entreprises sur la base de celles-ci.     <\/span><\/p><p><b>Article 4 \u2013 Gestion du Site<\/b><\/p><p><span style=\"font-weight: 400;\">Pour la bonne gestion du Site, l&rsquo;\u00c9diteur pourra \u00e0 tout moment :<br><\/span><span style=\"font-weight: 400;\">\u2013 Suspendre, interrompre ou restreindre l&rsquo;acc\u00e8s \u00e0 tout ou partie du Site, r\u00e9server l&rsquo;acc\u00e8s au Site ou \u00e0 certaines parties du Site \u00e0 une cat\u00e9gorie sp\u00e9cifique d&rsquo;utilisateurs ;<br><\/span><span style=\"font-weight: 400;\">\u2013 Supprimer toute information susceptible d&rsquo;en perturber le fonctionnement ou qui contrevient aux lois nationales ou internationales ou aux r\u00e8gles de la n\u00e9tiquette ;<br><\/span><span style=\"font-weight: 400;\">\u2013 Suspendre le Site afin de proc\u00e9der \u00e0 des mises \u00e0 jour.<\/span><\/p><p><b>Article 5 \u2013 Responsabilit\u00e9<\/b><\/p><p><span style=\"font-weight: 400;\">La responsabilit\u00e9 de l&rsquo;\u00c9diteur ne pourra \u00eatre engag\u00e9e en cas de panne, de dysfonctionnement, de probl\u00e8me ou d&rsquo;interruption des services emp\u00eachant l&rsquo;acc\u00e8s au Site ou \u00e0 l&rsquo;une de ses fonctionnalit\u00e9s.<\/span><\/p><p><span style=\"font-weight: 400;\">Vous \u00eates enti\u00e8rement responsable de la connexion de vos appareils au Site. Il vous appartient de prendre toutes les mesures n\u00e9cessaires pour prot\u00e9ger votre \u00e9quipement et vos donn\u00e9es, notamment contre les virus informatiques. Vous \u00eates \u00e9galement seul responsable des sites web et des donn\u00e9es auxquels vous acc\u00e9dez.  <\/span><\/p><p><span style=\"font-weight: 400;\">La responsabilit\u00e9 de l&rsquo;\u00c9diteur ne pourra \u00eatre engag\u00e9e en cas de poursuites judiciaires engag\u00e9es contre vous :<br><\/span><span style=\"font-weight: 400;\">\u2013 Du fait de votre utilisation du Site ou de tout service accessible via Internet ;<br><\/span><span style=\"font-weight: 400;\">\u2013 Du fait de votre non-respect des Conditions d&rsquo;Utilisation.<\/span><\/p><p><span style=\"font-weight: 400;\">L&rsquo;\u00c9diteur d\u00e9cline toute responsabilit\u00e9 pour tout dommage caus\u00e9 \u00e0 vous, \u00e0 des tiers et\/ou \u00e0 votre \u00e9quipement du fait de votre connexion ou de votre utilisation du Site ; vous renoncez \u00e0 toute r\u00e9clamation contre l&rsquo;\u00c9diteur \u00e0 cet \u00e9gard.<\/span><\/p><p><span style=\"font-weight: 400;\">Si l&rsquo;\u00c9diteur fait l&rsquo;objet d&rsquo;une proc\u00e9dure amiable ou judiciaire du fait de votre utilisation du Site, il pourra se retourner contre vous pour obtenir l&rsquo;indemnisation de tous les dommages, sommes, jugements et frais d\u00e9coulant de cette proc\u00e9dure.<\/span><\/p><p><span style=\"font-weight: 400;\">L&rsquo;\u00c9diteur ne garantit pas l&rsquo;exactitude, l&rsquo;exhaustivit\u00e9 ou l&rsquo;actualit\u00e9 du contenu disponible via un service et ne sera pas responsable envers vous ou toute autre personne de tout dommage direct ou indirect r\u00e9sultant de l&rsquo;utilisation d&rsquo;un service. En aucun cas, l&rsquo;\u00c9diteur ne sera responsable de dommages de quelque nature que ce soit (y compris, sans limitation, la perte de profits ou de donn\u00e9es, les dommages directs, cons\u00e9cutifs, sp\u00e9ciaux, accessoires, indirects ou autres) d\u00e9coulant de votre utilisation d&rsquo;un service, m\u00eame s&rsquo;il a \u00e9t\u00e9 inform\u00e9 de la possibilit\u00e9 de tels dommages, quelle qu&rsquo;en soit la cause. <\/span><\/p><p><b>Article 6 \u2013 Donn\u00e9es Personnelles et Cookies<\/b><\/p><p><span style=\"font-weight: 400;\">Le traitement des donn\u00e9es personnelles et l&rsquo;utilisation des cookies en lien avec l&rsquo;utilisation du Site sont r\u00e9gis par la \u00ab Politique de Confidentialit\u00e9 \u00bb, accessible sur le Site.<\/span><\/p><p><b>Article 7 \u2013 Liens Hypertextes<\/b><\/p><p><span style=\"font-weight: 400;\">La cr\u00e9ation par vous de tout lien hypertexte vers tout ou partie du Site est strictement interdite sans l&rsquo;autorisation \u00e9crite pr\u00e9alable de l&rsquo;\u00c9diteur, demand\u00e9e par e-mail \u00e0 l&rsquo;adresse suivante : <\/span><a href=\"mailto:contact@quantilia.com\"><span style=\"font-weight: 400;\">contact@quantilia.com<\/span><\/a><span style=\"font-weight: 400;\">.<\/span><\/p><p><span style=\"font-weight: 400;\">L&rsquo;\u00c9diteur est libre de refuser une telle autorisation sans avoir \u00e0 justifier sa d\u00e9cision. Si l&rsquo;autorisation est accord\u00e9e, elle est temporaire et peut \u00eatre retir\u00e9e \u00e0 tout moment sans justification. <\/span><\/p><p><span style=\"font-weight: 400;\">Dans tous les cas, tout lien devra \u00eatre retir\u00e9 \u00e0 la demande de l&rsquo;\u00c9diteur.<\/span><\/p><p><span style=\"font-weight: 400;\">Toute information accessible via un lien vers d&rsquo;autres sites web n&rsquo;est pas sous le contr\u00f4le de l&rsquo;\u00c9diteur, qui d\u00e9cline toute responsabilit\u00e9 quant \u00e0 leur contenu.<\/span><\/p><p><b>Article 8 \u2013 Photos et Repr\u00e9sentation des Produits<\/b><\/p><p><span style=\"font-weight: 400;\">Les photographies de produits, accompagn\u00e9es de leurs descriptions, sont non contractuelles et n&rsquo;engagent pas l&rsquo;\u00c9diteur.<\/span><\/p><p><b>Article 9 \u2013 Acc\u00e8s Restreint<\/b><\/p><p><span style=\"font-weight: 400;\">L&rsquo;acc\u00e8s au Site est r\u00e9serv\u00e9 aux contreparties \u00e9ligibles ou aux clients professionnels au sens de la r\u00e9glementation de l&rsquo;Autorit\u00e9 des march\u00e9s financiers ayant une exp\u00e9rience professionnelle en mati\u00e8re d&rsquo;investissement. Si vous n&rsquo;acceptez pas les Conditions d&rsquo;Utilisation ou n&rsquo;\u00eates pas \u00e9ligible pour acc\u00e9der au Site, veuillez vous abstenir de l&rsquo;utiliser. <\/span><\/p><p><b>Dispositions Applicables aux Utilisateurs Situ\u00e9s dans l&rsquo;Union Europ\u00e9enne<\/b><\/p><p><span style=\"font-weight: 400;\"><br><\/span><span style=\"font-weight: 400;\">L&rsquo;acc\u00e8s au Site est r\u00e9serv\u00e9 aux clients professionnels et aux contreparties \u00e9ligibles tels que d\u00e9finis dans la Directive europ\u00e9enne sur les march\u00e9s d&rsquo;instruments financiers (2004\/39\/CE) (MiFID).<\/span><\/p><p><b>Dispositions Applicables aux Utilisateurs Situ\u00e9s aux \u00c9tats-Unis<\/b><\/p><p><span style=\"font-weight: 400;\"><br><\/span><span style=\"font-weight: 400;\">L&rsquo;acc\u00e8s au Site est r\u00e9serv\u00e9 aux investisseurs institutionnels am\u00e9ricains adultes (Major U.S. Institutional Investors \u2013 MII), tels que d\u00e9finis dans la R\u00e8gle 15a-6(b)(4) du Securities Exchange Act.<\/span><\/p><p><span style=\"font-weight: 400;\">Les MII comprennent :<br><\/span><span style=\"font-weight: 400;\">(i) tout investisseur institutionnel am\u00e9ricain qui poss\u00e8de ou g\u00e8re des actifs totaux d\u00e9passant 100 millions de dollars am\u00e9ricains ;<\/span><span style=\"font-weight: 400;\"><br><\/span><span style=\"font-weight: 400;\">(ii) tout conseiller en investissement enregistr\u00e9 aupr\u00e8s de la Securities and Exchange Commission en vertu de l&rsquo;Investment Advisers Act avec des actifs sous gestion d\u00e9passant 100 millions de dollars am\u00e9ricains ;<\/span><span style=\"font-weight: 400;\"><br><\/span><span style=\"font-weight: 400;\">(iii) toute entit\u00e9, y compris tout conseiller en investissement, enregistr\u00e9 ou non en vertu de l&rsquo;Investment Advisers Act, qui poss\u00e8de ou contr\u00f4le des actifs financiers agr\u00e9g\u00e9s d\u00e9passant 100 millions de dollars am\u00e9ricains, ou, dans le cas d&rsquo;un conseiller en investissement, a de tels actifs sous gestion.<\/span><\/p><p><b>Article 10 \u2013 Inscription<\/b><\/p><p><span style=\"font-weight: 400;\">L&rsquo;acc\u00e8s aux fonctionnalit\u00e9s du service est r\u00e9serv\u00e9 aux utilisateurs enregistr\u00e9s. Pour vous inscrire, vous devez cr\u00e9er un nom d&rsquo;utilisateur et un mot de passe (\u00ab Identifiants de Connexion \u00bb). Lors de l&rsquo;inscription, vous devez fournir des informations exactes (telles que votre nom et votre adresse e-mail) conform\u00e9ment aux Conditions d&rsquo;Utilisation.  <\/span><\/p><p><span style=\"font-weight: 400;\">Vous \u00eates responsable de la protection de vos Identifiants de Connexion contre toute utilisation non autoris\u00e9e et de toutes les activit\u00e9s sur votre compte. Vous acceptez de nous informer imm\u00e9diatement si vous pensez que vos Identifiants de Connexion ont \u00e9t\u00e9 ou pourraient \u00eatre utilis\u00e9s sans votre autorisation afin que nous puissions prendre les mesures appropri\u00e9es. Nous d\u00e9clinons toute responsabilit\u00e9 pour les pertes ou dommages r\u00e9sultant de votre incapacit\u00e9 \u00e0 prot\u00e9ger vos Identifiants de Connexion.  <\/span><\/p><p><span style=\"font-weight: 400;\">Toutes les donn\u00e9es que vous fournissez \u00e0 la soci\u00e9t\u00e9 sont soumises \u00e0 sa Politique de Confidentialit\u00e9. Il est de votre responsabilit\u00e9 de maintenir vos informations d&rsquo;inscription \u00e0 jour via la page des param\u00e8tres de votre compte, si disponible, ou en contactant le service client \u00e0 contact@quantilia.com. <\/span><\/p><p><b>Article 11 \u2013 Confidentialit\u00e9<\/b><\/p><p><span style=\"font-weight: 400;\">Vous vous engagez \u00e0 ne pas reproduire, retransmettre, distribuer, diffuser, vendre, publier, divulguer ou partager de quelque mani\u00e8re que ce soit les informations relatives \u00e0 votre utilisation du service ou en r\u00e9sultant.<\/span><\/p><p><span style=\"font-weight: 400;\">La soci\u00e9t\u00e9 traitera comme confidentielles toutes les donn\u00e9es confidentielles que vous utilisez ou fournissez en relation avec le service, y compris les questions soumises pour obtenir de l&rsquo;aide dans le cadre de recherches men\u00e9es via le service.<\/span><\/p><p><b>Article 12 \u2013 Droit Applicable<\/b><\/p><p><span style=\"font-weight: 400;\">Les Conditions d&rsquo;Utilisation du Site sont r\u00e9gies par le droit fran\u00e7ais et sont soumises \u00e0 la comp\u00e9tence des tribunaux du si\u00e8ge social de l&rsquo;\u00c9diteur, sous r\u00e9serve de toute comp\u00e9tence sp\u00e9cifique conf\u00e9r\u00e9e par la loi ou la r\u00e9glementation applicable.<\/span><\/p><p><b>Article 13 \u2013 Langue<\/b><\/p><p><span style=\"font-weight: 400;\">La version anglaise disponible sur le Site constitue une traduction de la version fran\u00e7aise. En cas de litige, seule la version fran\u00e7aise pr\u00e9vaudra. <\/span><\/p><p><b>Article 14 \u2013 Contactez-nous<\/b><\/p><p><span style=\"font-weight: 400;\">Si vous avez des questions ou souhaitez obtenir des informations sur les produits pr\u00e9sent\u00e9s ou sur le Site lui-m\u00eame, vous pouvez laisser un message \u00e0 l&rsquo;adresse suivante : contact@quantilia.com.<\/span><\/p><p> <\/p>\t\t\t\t\t\t\t\t<\/div>\n\t\t\t\t\t<\/div>\n\t\t\t\t<\/div>\n\t\t\t\t<\/div>\n\t\t","protected":false},"excerpt":{"rendered":"<p>Conditions G\u00e9n\u00e9rales d&rsquo;Utilisation Article 1 \u2013 Objet et Informations L\u00e9gales En utilisant le site web accessible \u00e0 https:\/\/quantilia.simplement.digital\/ (le \u00ab Site \u00bb), vous acceptez de vous conformer aux pr\u00e9sentes Conditions G\u00e9n\u00e9rales d&rsquo;Utilisation (les \u00ab Conditions d&rsquo;Utilisation \u00bb). Les Conditions d&rsquo;Utilisation applicables sont celles en vigueur \u00e0 la date de navigation sur le Site. Elles restent [&hellip;]<\/p>\n","protected":false},"author":4,"featured_media":0,"parent":0,"menu_order":0,"comment_status":"closed","ping_status":"closed","template":"","meta":{"_acf_changed":false,"footnotes":""},"class_list":["post-6676","page","type-page","status-publish","hentry"],"acf":[],"_links":{"self":[{"href":"https:\/\/quantilia.simplement.digital\/fr\/wp-json\/wp\/v2\/pages\/6676","targetHints":{"allow":["GET"]}}],"collection":[{"href":"https:\/\/quantilia.simplement.digital\/fr\/wp-json\/wp\/v2\/pages"}],"about":[{"href":"https:\/\/quantilia.simplement.digital\/fr\/wp-json\/wp\/v2\/types\/page"}],"author":[{"embeddable":true,"href":"https:\/\/quantilia.simplement.digital\/fr\/wp-json\/wp\/v2\/users\/4"}],"replies":[{"embeddable":true,"href":"https:\/\/quantilia.simplement.digital\/fr\/wp-json\/wp\/v2\/comments?post=6676"}],"version-history":[{"count":1,"href":"https:\/\/quantilia.simplement.digital\/fr\/wp-json\/wp\/v2\/pages\/6676\/revisions"}],"predecessor-version":[{"id":6677,"href":"https:\/\/quantilia.simplement.digital\/fr\/wp-json\/wp\/v2\/pages\/6676\/revisions\/6677"}],"wp:attachment":[{"href":"https:\/\/quantilia.simplement.digital\/fr\/wp-json\/wp\/v2\/media?parent=6676"}],"curies":[{"name":"wp","href":"https:\/\/api.w.org\/{rel}","templated":true}]}}